{"id":1180,"date":"2023-03-31T10:48:55","date_gmt":"2023-03-31T10:48:55","guid":{"rendered":"https:\/\/www.lasalleshop.cat\/producto\/motxilla-per-a-portatil\/"},"modified":"2023-03-31T10:48:55","modified_gmt":"2023-03-31T10:48:55","slug":"motxilla-portatil","status":"publish","type":"product","link":"https:\/\/www.lasalleshop.cat\/ca\/producto\/motxilla-portatil\/","title":{"rendered":"Motxilla per a port\u00e0til"},"content":{"rendered":"<p>Motxilla per a port\u00e0til i 16&#8243; amb brodat al frontal de logotip &#8220;la Salle campus BCN 1903&#8221;<\/p>\n<p>Inclou connector USB tipus A. Aquesta motxilla compacta \u00e9s ideal per viatjar i treballar, ja que pots portar un port\u00e0til de 16\u201d o una tauleta al compartiment especial. Els diferents compartiments s\u00f3n prou grans per guardar material d&#8217;oficina i de viatge o altres articles d&#8217;\u00fas diari. Les corretges encoixinades ajustables per a les espatlles garanteixen un ajustament c\u00f2mode.<\/p>\n<p><strong>Mesures<\/strong>: 29 x 12 x 41cm<br \/>\n<strong>Material:<\/strong> poli\u00e8ster RPET 300D<\/p>\n","protected":false},"excerpt":{"rendered":"<p>Motxilla per a port\u00e0til i 16&#8243; amb brodat al frontal de logotip &#8220;la Salle campus BCN 1903&#8221;<\/p>\n<p>Inclou connector USB tipus A. Aquesta motxilla compacta \u00e9s ideal per viatjar i treballar, ja que pots portar un port\u00e0til de 16\u201d o una tauleta al compartiment especial. Els diferents compartiments s\u00f3n prou grans per guardar material d&#8217;oficina i de viatge o altres articles d&#8217;\u00fas diari. Les corretges encoixinades ajustables per a les espatlles garanteixen un ajustament c\u00f2mode.<\/p>\n<p><strong>Mesures<\/strong>: 29 x 12 x 41cm<br \/>\n<strong>Material:<\/strong> poli\u00e8ster RPET 300D<\/p>\n","protected":false},"featured_media":1019,"template":"","meta":{"ocean_post_layout":"","ocean_both_sidebars_style":"","ocean_both_sidebars_content_width":0,"ocean_both_sidebars_sidebars_width":0,"ocean_sidebar":"0","ocean_second_sidebar":"0","ocean_disable_margins":"enable","ocean_add_body_class":"","ocean_shortcode_before_top_bar":"","ocean_shortcode_after_top_bar":"","ocean_shortcode_before_header":"","ocean_shortcode_after_header":"","ocean_has_shortcode":"","ocean_shortcode_after_title":"","ocean_shortcode_before_footer_widgets":"","ocean_shortcode_after_footer_widgets":"","ocean_shortcode_before_footer_bottom":"","ocean_shortcode_after_footer_bottom":"","ocean_display_top_bar":"default","ocean_display_header":"default","ocean_header_style":"","ocean_center_header_left_menu":"0","ocean_custom_header_template":"0","ocean_custom_logo":0,"ocean_custom_retina_logo":0,"ocean_custom_logo_max_width":0,"ocean_custom_logo_tablet_max_width":0,"ocean_custom_logo_mobile_max_width":0,"ocean_custom_logo_max_height":0,"ocean_custom_logo_tablet_max_height":0,"ocean_custom_logo_mobile_max_height":0,"ocean_header_custom_menu":"0","ocean_menu_typo_font_family":"0","ocean_menu_typo_font_subset":"","ocean_menu_typo_font_size":0,"ocean_menu_typo_font_size_tablet":0,"ocean_menu_typo_font_size_mobile":0,"ocean_menu_typo_font_size_unit":"px","ocean_menu_typo_font_weight":"","ocean_menu_typo_font_weight_tablet":"","ocean_menu_typo_font_weight_mobile":"","ocean_menu_typo_transform":"","ocean_menu_typo_transform_tablet":"","ocean_menu_typo_transform_mobile":"","ocean_menu_typo_line_height":0,"ocean_menu_typo_line_height_tablet":0,"ocean_menu_typo_line_height_mobile":0,"ocean_menu_typo_line_height_unit":"","ocean_menu_typo_spacing":0,"ocean_menu_typo_spacing_tablet":0,"ocean_menu_typo_spacing_mobile":0,"ocean_menu_typo_spacing_unit":"","ocean_menu_link_color":"","ocean_menu_link_color_hover":"","ocean_menu_link_color_active":"","ocean_menu_link_background":"","ocean_menu_link_hover_background":"","ocean_menu_link_active_background":"","ocean_menu_social_links_bg":"","ocean_menu_social_hover_links_bg":"","ocean_menu_social_links_color":"","ocean_menu_social_hover_links_color":"","ocean_disable_title":"default","ocean_disable_heading":"default","ocean_post_title":"","ocean_post_subheading":"","ocean_post_title_style":"","ocean_post_title_background_color":"","ocean_post_title_background":0,"ocean_post_title_bg_image_position":"","ocean_post_title_bg_image_attachment":"","ocean_post_title_bg_image_repeat":"","ocean_post_title_bg_image_size":"","ocean_post_title_height":0,"ocean_post_title_bg_overlay":0.5,"ocean_post_title_bg_overlay_color":"","ocean_disable_breadcrumbs":"default","ocean_breadcrumbs_color":"","ocean_breadcrumbs_separator_color":"","ocean_breadcrumbs_links_color":"","ocean_breadcrumbs_links_hover_color":"","ocean_display_footer_widgets":"default","ocean_display_footer_bottom":"default","ocean_custom_footer_template":"0"},"product_brand":[],"product_cat":[65],"product_tag":[],"class_list":{"0":"post-1180","1":"product","2":"type-product","3":"status-publish","4":"has-post-thumbnail","6":"product_cat-complements","8":"entry","9":"has-media","11":"first","12":"instock","13":"taxable","14":"shipping-taxable","15":"purchasable","16":"product-type-simple","17":"has-product-nav","18":"col","19":"span_1_of_4","20":"owp-content-center","21":"item-entry","22":"owp-thumbs-layout-vertical","23":"owp-btn-normal","24":"owp-tabs-layout-horizontal","25":"has-no-thumbnails","27":"circle-sale"},"yoast_head":"<!-- This site is optimized with the Yoast SEO plugin v24.5 - https:\/\/yoast.com\/wordpress\/plugins\/seo\/ -->\n<title>Motxilla per a port\u00e0til - La Salle Shop<\/title>\n<meta name=\"robots\" content=\"index, follow, max-snippet:-1, max-image-preview:large, max-video-preview:-1\" \/>\n<link rel=\"canonical\" href=\"https:\/\/www.lasalleshop.cat\/ca\/producto\/motxilla-portatil\/\" \/>\n<meta property=\"og:locale\" content=\"ca_ES\" \/>\n<meta property=\"og:type\" content=\"article\" \/>\n<meta property=\"og:title\" content=\"Motxilla per a port\u00e0til - La Salle Shop\" \/>\n<meta property=\"og:description\" content=\"Motxilla per a port\u00e0til i 16&quot; amb brodat al frontal de logotip &quot;la Salle campus BCN 1903&quot; Inclou connector USB tipus A. Aquesta motxilla compacta \u00e9s ideal per viatjar i treballar, ja que pots portar un port\u00e0til de 16\u201d o una tauleta al compartiment especial. Els diferents compartiments s\u00f3n prou grans per guardar material d&#039;oficina i de viatge o altres articles d&#039;\u00fas diari. Les corretges encoixinades ajustables per a les espatlles garanteixen un ajustament c\u00f2mode. Mesures: 29 x 12 x 41cm Material: poli\u00e8ster RPET 300D\" \/>\n<meta property=\"og:url\" content=\"https:\/\/www.lasalleshop.cat\/ca\/producto\/motxilla-portatil\/\" \/>\n<meta property=\"og:site_name\" content=\"La Salle Shop\" \/>\n<meta property=\"og:image\" content=\"https:\/\/www.lasalleshop.cat\/wp-content\/uploads\/2023\/03\/mochila-portatil.png\" \/>\n\t<meta property=\"og:image:width\" content=\"800\" \/>\n\t<meta property=\"og:image:height\" content=\"950\" \/>\n\t<meta property=\"og:image:type\" content=\"image\/png\" \/>\n<meta name=\"twitter:card\" content=\"summary_large_image\" \/>\n<script type=\"application\/ld+json\" class=\"yoast-schema-graph\">{\"@context\":\"https:\/\/schema.org\",\"@graph\":[{\"@type\":\"WebPage\",\"@id\":\"https:\/\/www.lasalleshop.cat\/ca\/producto\/motxilla-portatil\/\",\"url\":\"https:\/\/www.lasalleshop.cat\/ca\/producto\/motxilla-portatil\/\",\"name\":\"Motxilla per a port\u00e0til - La Salle Shop\",\"isPartOf\":{\"@id\":\"https:\/\/www.lasalleshop.cat\/ca\/#website\"},\"primaryImageOfPage\":{\"@id\":\"https:\/\/www.lasalleshop.cat\/ca\/producto\/motxilla-portatil\/#primaryimage\"},\"image\":{\"@id\":\"https:\/\/www.lasalleshop.cat\/ca\/producto\/motxilla-portatil\/#primaryimage\"},\"thumbnailUrl\":\"https:\/\/www.lasalleshop.cat\/wp-content\/uploads\/2023\/03\/mochila-portatil.png\",\"datePublished\":\"2023-03-31T10:48:55+00:00\",\"breadcrumb\":{\"@id\":\"https:\/\/www.lasalleshop.cat\/ca\/producto\/motxilla-portatil\/#breadcrumb\"},\"inLanguage\":\"ca\",\"potentialAction\":[{\"@type\":\"ReadAction\",\"target\":[\"https:\/\/www.lasalleshop.cat\/ca\/producto\/motxilla-portatil\/\"]}]},{\"@type\":\"ImageObject\",\"inLanguage\":\"ca\",\"@id\":\"https:\/\/www.lasalleshop.cat\/ca\/producto\/motxilla-portatil\/#primaryimage\",\"url\":\"https:\/\/www.lasalleshop.cat\/wp-content\/uploads\/2023\/03\/mochila-portatil.png\",\"contentUrl\":\"https:\/\/www.lasalleshop.cat\/wp-content\/uploads\/2023\/03\/mochila-portatil.png\",\"width\":800,\"height\":950,\"caption\":\"mochila negra para port\u00e1til la salle\"},{\"@type\":\"BreadcrumbList\",\"@id\":\"https:\/\/www.lasalleshop.cat\/ca\/producto\/motxilla-portatil\/#breadcrumb\",\"itemListElement\":[{\"@type\":\"ListItem\",\"position\":1,\"name\":\"Portada\",\"item\":\"https:\/\/www.lasalleshop.cat\/ca\/\"},{\"@type\":\"ListItem\",\"position\":2,\"name\":\"Botiga\",\"item\":\"https:\/\/www.lasalleshop.cat\/ca\/botiga\/\"},{\"@type\":\"ListItem\",\"position\":3,\"name\":\"Motxilla per a port\u00e0til\"}]},{\"@type\":\"WebSite\",\"@id\":\"https:\/\/www.lasalleshop.cat\/ca\/#website\",\"url\":\"https:\/\/www.lasalleshop.cat\/ca\/\",\"name\":\"La Salle Shop\",\"description\":\"Tienda oficial de merchandising de La Salle\",\"publisher\":{\"@id\":\"https:\/\/www.lasalleshop.cat\/ca\/#organization\"},\"potentialAction\":[{\"@type\":\"SearchAction\",\"target\":{\"@type\":\"EntryPoint\",\"urlTemplate\":\"https:\/\/www.lasalleshop.cat\/ca\/?s={search_term_string}\"},\"query-input\":{\"@type\":\"PropertyValueSpecification\",\"valueRequired\":true,\"valueName\":\"search_term_string\"}}],\"inLanguage\":\"ca\"},{\"@type\":\"Organization\",\"@id\":\"https:\/\/www.lasalleshop.cat\/ca\/#organization\",\"name\":\"La Salle Shop\",\"url\":\"https:\/\/www.lasalleshop.cat\/ca\/\",\"logo\":{\"@type\":\"ImageObject\",\"inLanguage\":\"ca\",\"@id\":\"https:\/\/www.lasalleshop.cat\/ca\/#\/schema\/logo\/image\/\",\"url\":\"https:\/\/www.lasalleshop.cat\/wp-content\/uploads\/2023\/05\/salle_logo_ca.png\",\"contentUrl\":\"https:\/\/www.lasalleshop.cat\/wp-content\/uploads\/2023\/05\/salle_logo_ca.png\",\"width\":165,\"height\":60,\"caption\":\"La Salle Shop\"},\"image\":{\"@id\":\"https:\/\/www.lasalleshop.cat\/ca\/#\/schema\/logo\/image\/\"}}]}<\/script>\n<!-- \/ Yoast SEO plugin. -->","yoast_head_json":{"title":"Motxilla per a port\u00e0til - La Salle Shop","robots":{"index":"index","follow":"follow","max-snippet":"max-snippet:-1","max-image-preview":"max-image-preview:large","max-video-preview":"max-video-preview:-1"},"canonical":"https:\/\/www.lasalleshop.cat\/ca\/producto\/motxilla-portatil\/","og_locale":"ca_ES","og_type":"article","og_title":"Motxilla per a port\u00e0til - La Salle Shop","og_description":"Motxilla per a port\u00e0til i 16\" amb brodat al frontal de logotip \"la Salle campus BCN 1903\" Inclou connector USB tipus A. Aquesta motxilla compacta \u00e9s ideal per viatjar i treballar, ja que pots portar un port\u00e0til de 16\u201d o una tauleta al compartiment especial. Els diferents compartiments s\u00f3n prou grans per guardar material d'oficina i de viatge o altres articles d'\u00fas diari. Les corretges encoixinades ajustables per a les espatlles garanteixen un ajustament c\u00f2mode. Mesures: 29 x 12 x 41cm Material: poli\u00e8ster RPET 300D","og_url":"https:\/\/www.lasalleshop.cat\/ca\/producto\/motxilla-portatil\/","og_site_name":"La Salle Shop","og_image":[{"width":800,"height":950,"url":"https:\/\/www.lasalleshop.cat\/wp-content\/uploads\/2023\/03\/mochila-portatil.png","type":"image\/png"}],"twitter_card":"summary_large_image","schema":{"@context":"https:\/\/schema.org","@graph":[{"@type":"WebPage","@id":"https:\/\/www.lasalleshop.cat\/ca\/producto\/motxilla-portatil\/","url":"https:\/\/www.lasalleshop.cat\/ca\/producto\/motxilla-portatil\/","name":"Motxilla per a port\u00e0til - La Salle Shop","isPartOf":{"@id":"https:\/\/www.lasalleshop.cat\/ca\/#website"},"primaryImageOfPage":{"@id":"https:\/\/www.lasalleshop.cat\/ca\/producto\/motxilla-portatil\/#primaryimage"},"image":{"@id":"https:\/\/www.lasalleshop.cat\/ca\/producto\/motxilla-portatil\/#primaryimage"},"thumbnailUrl":"https:\/\/www.lasalleshop.cat\/wp-content\/uploads\/2023\/03\/mochila-portatil.png","datePublished":"2023-03-31T10:48:55+00:00","breadcrumb":{"@id":"https:\/\/www.lasalleshop.cat\/ca\/producto\/motxilla-portatil\/#breadcrumb"},"inLanguage":"ca","potentialAction":[{"@type":"ReadAction","target":["https:\/\/www.lasalleshop.cat\/ca\/producto\/motxilla-portatil\/"]}]},{"@type":"ImageObject","inLanguage":"ca","@id":"https:\/\/www.lasalleshop.cat\/ca\/producto\/motxilla-portatil\/#primaryimage","url":"https:\/\/www.lasalleshop.cat\/wp-content\/uploads\/2023\/03\/mochila-portatil.png","contentUrl":"https:\/\/www.lasalleshop.cat\/wp-content\/uploads\/2023\/03\/mochila-portatil.png","width":800,"height":950,"caption":"mochila negra para port\u00e1til la salle"},{"@type":"BreadcrumbList","@id":"https:\/\/www.lasalleshop.cat\/ca\/producto\/motxilla-portatil\/#breadcrumb","itemListElement":[{"@type":"ListItem","position":1,"name":"Portada","item":"https:\/\/www.lasalleshop.cat\/ca\/"},{"@type":"ListItem","position":2,"name":"Botiga","item":"https:\/\/www.lasalleshop.cat\/ca\/botiga\/"},{"@type":"ListItem","position":3,"name":"Motxilla per a port\u00e0til"}]},{"@type":"WebSite","@id":"https:\/\/www.lasalleshop.cat\/ca\/#website","url":"https:\/\/www.lasalleshop.cat\/ca\/","name":"La Salle Shop","description":"Tienda oficial de merchandising de La Salle","publisher":{"@id":"https:\/\/www.lasalleshop.cat\/ca\/#organization"},"potentialAction":[{"@type":"SearchAction","target":{"@type":"EntryPoint","urlTemplate":"https:\/\/www.lasalleshop.cat\/ca\/?s={search_term_string}"},"query-input":{"@type":"PropertyValueSpecification","valueRequired":true,"valueName":"search_term_string"}}],"inLanguage":"ca"},{"@type":"Organization","@id":"https:\/\/www.lasalleshop.cat\/ca\/#organization","name":"La Salle Shop","url":"https:\/\/www.lasalleshop.cat\/ca\/","logo":{"@type":"ImageObject","inLanguage":"ca","@id":"https:\/\/www.lasalleshop.cat\/ca\/#\/schema\/logo\/image\/","url":"https:\/\/www.lasalleshop.cat\/wp-content\/uploads\/2023\/05\/salle_logo_ca.png","contentUrl":"https:\/\/www.lasalleshop.cat\/wp-content\/uploads\/2023\/05\/salle_logo_ca.png","width":165,"height":60,"caption":"La Salle Shop"},"image":{"@id":"https:\/\/www.lasalleshop.cat\/ca\/#\/schema\/logo\/image\/"}}]}},"jetpack_sharing_enabled":true,"_links":{"self":[{"href":"https:\/\/www.lasalleshop.cat\/ca\/wp-json\/wp\/v2\/product\/1180","targetHints":{"allow":["GET"]}}],"collection":[{"href":"https:\/\/www.lasalleshop.cat\/ca\/wp-json\/wp\/v2\/product"}],"about":[{"href":"https:\/\/www.lasalleshop.cat\/ca\/wp-json\/wp\/v2\/types\/product"}],"wp:featuredmedia":[{"embeddable":true,"href":"https:\/\/www.lasalleshop.cat\/ca\/wp-json\/wp\/v2\/media\/1019"}],"wp:attachment":[{"href":"https:\/\/www.lasalleshop.cat\/ca\/wp-json\/wp\/v2\/media?parent=1180"}],"wp:term":[{"taxonomy":"product_brand","embeddable":true,"href":"https:\/\/www.lasalleshop.cat\/ca\/wp-json\/wp\/v2\/product_brand?post=1180"},{"taxonomy":"product_cat","embeddable":true,"href":"https:\/\/www.lasalleshop.cat\/ca\/wp-json\/wp\/v2\/product_cat?post=1180"},{"taxonomy":"product_tag","embeddable":true,"href":"https:\/\/www.lasalleshop.cat\/ca\/wp-json\/wp\/v2\/product_tag?post=1180"}],"curies":[{"name":"wp","href":"https:\/\/api.w.org\/{rel}","templated":true}]}}